{"id":607,"date":"2023-05-08T09:50:57","date_gmt":"2023-05-08T08:50:57","guid":{"rendered":"https:\/\/thesurfacademy.pt\/cookie-policy-eu\/"},"modified":"2023-05-08T12:32:27","modified_gmt":"2023-05-08T11:32:27","slug":"privacy-cookies-policy","status":"publish","type":"page","link":"https:\/\/thesurfacademy.pt\/pt\/privacy-cookies-policy\/","title":{"rendered":"Pol\u00edtica de privacidade e cookies"},"content":{"rendered":"<div data-elementor-type=\"wp-page\" data-elementor-id=\"607\" class=\"elementor elementor-607\">\n\t\t\t\t\t\t<section class=\"elementor-section elementor-top-section elementor-element elementor-element-643837e8 elementor-section-boxed elementor-section-height-default elementor-section-height-default wpr-particle-no wpr-jarallax-no wpr-parallax-no wpr-sticky-section-no\" data-id=\"643837e8\" data-element_type=\"section\">\n\t\t\t\t\t\t<div class=\"elementor-container elementor-column-gap-default\">\n\t\t\t\t\t<div class=\"elementor-column elementor-col-100 elementor-top-column elementor-element elementor-element-65d4567c\" data-id=\"65d4567c\" data-element_type=\"column\">\n\t\t\t<div class=\"elementor-widget-wrap elementor-element-populated\">\n\t\t\t\t\t\t<div class=\"elementor-element elementor-element-a89309f elementor-widget elementor-widget-html\" data-id=\"a89309f\" data-element_type=\"widget\" data-widget_type=\"html.default\">\n\t\t\t\t<div class=\"elementor-widget-container\">\n\t\t\t\t\t<style>\n    \n    #politicas h2, #politicas h3{\n        font-size: 24px;\n    }\n    \n    #politicas h3{\n        font-size: 21px;\n    }\n<\/style>\t\t\t\t<\/div>\n\t\t\t\t<\/div>\n\t\t\t\t<div class=\"elementor-element elementor-element-a09eef9 elementor-widget elementor-widget-text-editor\" data-id=\"a09eef9\" data-element_type=\"widget\" id=\"politicas\" data-widget_type=\"text-editor.default\">\n\t\t\t\t<div class=\"elementor-widget-container\">\n\t\t\t\t\t\t\t\t\t<h2>Pol\u00edtica de Privacidade<\/h2><p>Neste site, uma das nossas principais prioridades \u00e9 a privacidade dos nossos visitantes. Este documento de Pol\u00edtica de Privacidade cont\u00e9m os tipos de informa\u00e7\u00e3o que s\u00e3o recolhidos e registados neste website e a forma como os utilizamos.<\/p><p>Solicitamos informa\u00e7\u00f5es pessoais apenas quando precisamos delas para lhe fornecer um servi\u00e7o e nunca partilhamos essas publicamente ou com terceiros, excepto quando exigido por lei ou autorizado por si.<\/p><p>Esta pol\u00edtica aplica-se apenas \u00e0s nossas actividades online e \u00e9 v\u00e1lida para os visitantes do nosso website no que diz respeito \u00e0s informa\u00e7\u00f5es que partilharam e\/ou recolheram. Esta pol\u00edtica n\u00e3o \u00e9 aplic\u00e1vel a qualquer informa\u00e7\u00e3o recolhida offline ou atrav\u00e9s de outros canais que n\u00e3o este website.<\/p><p>Se tiver perguntas adicionais ou necessitar de mais informa\u00e7\u00f5es sobre a nossa Pol\u00edtica de Privacidade, n\u00e3o hesite em contactar-nos atrav\u00e9s de email: info@thesurfacademy.pt<\/p><h3>Consentimento<\/h3><p>Ao utilizar o nosso website, o utilizador consente com a nossa Pol\u00edtica de Privacidade e concorda com os seus termos.<\/p><h3>Informa\u00e7\u00f5es que recolhemos<\/h3><p>Formul\u00e1rios de contacto: se nos contactar directamente, recebemos informa\u00e7\u00f5es tais como o seu nome, e-mail, n\u00famero de telefone, o conte\u00fado da mensagem e\/ou anexos que nos possa enviar, e qualquer outra informa\u00e7\u00e3o que decida fornecer.<\/p><h3>Como utilizamos a sua informa\u00e7\u00e3o<\/h3><ul><li>Operar, e manter o nosso website<\/li><li>Melhorar, personalizar e expandir o nosso website<\/li><li>Compreender e analisar a forma como utiliza o nosso website<\/li><li>Desenvolver novos produtos, servi\u00e7os, caracter\u00edsticas e funcionalidades<\/li><li>Comunicar consigo, directamente ou atrav\u00e9s de um dos nossos parceiros, incluindo para servi\u00e7o ao cliente, para lhe fornecer actualiza\u00e7\u00f5es e outras informa\u00e7\u00f5es relacionadas com o website, e para fins de marketing<\/li><li>Enviar-lhe e-mails<\/li><li>Encontrar e prevenir a fraude<\/li><\/ul><h3>Ficheiros de registo<\/h3><p>Este site segue um procedimento padr\u00e3o de utiliza\u00e7\u00e3o de ficheiros de registo. Estes ficheiros registam os visitantes quando visitam websites. As informa\u00e7\u00f5es recolhidas pelos ficheiros de registo incluem endere\u00e7os de protocolo Internet (IP), tipo de navegador, fornecedor de servi\u00e7os Internet (ISP), carimbo de data e hora, p\u00e1ginas de refer\u00eancia\/sa\u00edda, e possivelmente o n\u00famero de cliques. Estes n\u00e3o est\u00e3o ligados a qualquer informa\u00e7\u00e3o que seja pessoalmente identific\u00e1vel. O objectivo da informa\u00e7\u00e3o \u00e9 analisar tend\u00eancias, administrar o site, acompanhar o movimento dos utilizadores no site, e recolher informa\u00e7\u00e3o demogr\u00e1fica.<\/p><h3>Cookies e Web Beacons<\/h3><p>Como qualquer outro website, utilizamos \u2018cookies\u2019. Estes cookies s\u00e3o utilizados para armazenar v\u00e1rios tipos de informa\u00e7\u00e3o, incluindo as prefer\u00eancias dos visitantes e as p\u00e1ginas do website que acedeu. A informa\u00e7\u00e3o \u00e9 utilizada para optimizar a experi\u00eancia dos utilizadores, personalizando o conte\u00fado da nossa p\u00e1gina web com base no tipo de browser dos visitantes e\/ou outras informa\u00e7\u00f5es.<\/p><h3>Pol\u00edticas de Privacidade de terceiros<\/h3><p>A Pol\u00edtica de Privacidade deste site n\u00e3o se aplica a outros anunciantes ou websites. Assim, aconselhamo-lo a consultar as respectivas pol\u00edticas de privacidade.<\/p><p>Os servidores ou redes de an\u00fancios de terceiros utilizam tecnologias como cookies, JavaScript, ou Web Beacons que s\u00e3o utilizados nos seus respectivos an\u00fancios e links que podem aparecer neste site, os quais s\u00e3o enviados diretamente para o browser dos utilizadores. Eles recebem automaticamente o seu endere\u00e7o IP quando isto ocorre. Estas tecnologias s\u00e3o utilizadas para medir a efic\u00e1cia das suas campanhas publicit\u00e1rias e\/ou para personalizar o conte\u00fado publicit\u00e1rio que v\u00ea nos websites que visita.<\/p><p>Note que n\u00e3o temos acesso ou controlo sobre estes cookies que s\u00e3o utilizados por terceiros.<\/p><h3>Direitos de Privacidade CCPA<\/h3><p>Ao abrigo do CCPA, entre outros direitos, os consumidores da Calif\u00f3rnia t\u00eam o direito de:<\/p><ul><li>Solicitar que uma empresa que recolhe os dados pessoais de um consumidor revele as categorias e items espec\u00edficos desses dados pessoais.<\/li><li>Solicitar que uma empresa elimine quaisquer dados pessoais sobre o consumidor que uma empresa tenha recolhido.<\/li><li>Solicitar que uma empresa interrompa a venda dos seus dados pessoais.<\/li><\/ul><p>\u00a0<\/p><p>Se fizer um pedido, temos um m\u00eas para lhe responder. Se desejar exercer algum destes direitos, por favor contacte-nos.<\/p><h3>Direitos de Protec\u00e7\u00e3o de Dados GDPR<\/h3><p>Gostar\u00edamos de ter a certeza de que est\u00e1 plenamente consciente de todos os seus direitos de prote\u00e7\u00e3o de dados. Todos os utilizadores t\u00eam direito ao seguinte:<\/p><p>O direito de acesso \u2013 Tem o direito de solicitar c\u00f3pias dos seus dados pessoais. Podemos cobrar-lhe uma pequena taxa por este servi\u00e7o.<\/p><p>O direito \u00e0 rectifica\u00e7\u00e3o \u2013 Tem o direito de solicitar a rectifica\u00e7\u00e3o de qualquer informa\u00e7\u00e3o que acredite ser incorrecta. Tem tamb\u00e9m o direito de solicitar que completemos a informa\u00e7\u00e3o que acredita estar incompleta.<\/p><p>O direito de apagar \u2013 Tem o direito de solicitar que apaguemos os seus dados pessoais, sob certas condi\u00e7\u00f5es.<\/p><p>O direito de restringir o processamento \u2013 Tem o direito de solicitar que o processamento dos seus dados pessoais seja restringido, sob certas condi\u00e7\u00f5es.<\/p><p>O direito de oposi\u00e7\u00e3o ao processamento \u2013 Tem o direito de se opor ao nosso processamento dos seus dados pessoais, sob certas condi\u00e7\u00f5es.<\/p><p>O direito \u00e0 portabilidade dos dados \u2013 Tem o direito de solicitar a transfer\u00eancia dos dados que recolhemos para outra organiza\u00e7\u00e3o, ou diretamente para si, sob certas condi\u00e7\u00f5es.<\/p><p>Se fizer um pedido, temos um m\u00eas para lhe responder. Se desejar exercer algum destes direitos, por favor contacte-nos.<\/p><h3>Informa\u00e7\u00f5es de crian\u00e7as<\/h3><p>Este site n\u00e3o recolhe intencionalmente qualquer informa\u00e7\u00e3o pessoal identific\u00e1vel de crian\u00e7as menores de 13 anos. Se suspeita que o seu filho tenha fornecido algum tipo de informa\u00e7\u00e3o no nosso website, contacte-nos imediatamente e faremos os nossos melhores esfor\u00e7os para remover prontamente tal informa\u00e7\u00e3o dos nossos registos.<\/p><h3>Divulga\u00e7\u00e3o dos seus dados para fins legais<\/h3><p>Por vezes pode tornar-se necess\u00e1rio, para fins legais, divulgar as suas informa\u00e7\u00f5es em resposta a um pedido de uma ag\u00eancia governamental ou entidade privada. Assim, os utilizadores do nosso site concordam que podemos divulgar as suas informa\u00e7\u00f5es a terceiros quando acreditarmos, de boa f\u00e9, que \u00e9 desej\u00e1vel faz\u00ea-lo para efeitos de uma a\u00e7\u00e3o civil, investiga\u00e7\u00e3o criminal, ou outro assunto legal.<\/p><p>Podemos tamb\u00e9m denunci\u00e1-lo proativamente, e divulgar as suas informa\u00e7\u00f5es a terceiros sempre que considerarmos prudente faz\u00ea-lo por raz\u00f5es legais, tais como a nossa convic\u00e7\u00e3o de que se envolveu em atividades fraudulentas.<\/p><p>Qualquer transmiss\u00e3o de dados pessoais para fins legais s\u00f3 ser\u00e1 feita em conformidade com as leis do pa\u00eds em que reside.<\/p><h2>Pol\u00edtica de Cookies<\/h2><h3>O que s\u00e3o Cookies<\/h3><p>Como \u00e9 pr\u00e1tica comum em quase todos os sites, este site utiliza cookies, que s\u00e3o pequenos ficheiros que s\u00e3o descarregados para o seu computador para melhorar a sua experi\u00eancia. Esta p\u00e1gina descreve a informa\u00e7\u00e3o que estes cookies recolhem, como a utilizamos e porque precisamos de armazenar estes cookies. Tamb\u00e9m partilhamos como pode evitar que estes cookies sejam armazenados. No entanto, isto pode diminuir ou \u201cquebrar\u201d certos elementos da funcionalidade dos websites.<\/p><h3>Desactivar os Cookies<\/h3><p>Na maioria dos casos n\u00e3o existem op\u00e7\u00f5es padr\u00e3o da ind\u00fastria para desactivar os cookies sem desactivar completamente a funcionalidade e caracter\u00edsticas que eles acrescentam a este site. Recomenda-se que deixe ligados todos os cookies se n\u00e3o tiver a certeza se precisa ou n\u00e3o deles, porque podem ser necess\u00e1rios para lhe fornecer um servi\u00e7o que utiliza.<\/p><p>Pode impedir a defini\u00e7\u00e3o de cookies ajustando as defini\u00e7\u00f5es no seu browser (ver a ajuda do seu browser para saber como o fazer). Esteja ciente de que desactivar os cookies ir\u00e1 afectar a funcionalidade deste site e de muitos outros websites que visitar.<\/p><h3>Os Cookies que utilizamos<\/h3><p>Cookies relacionados com formul\u00e1rios \u2013 quando submeter dados atrav\u00e9s de um formul\u00e1rio, alguns cookies podem ser definidos para recordar os seus dados de utilizador para correspond\u00eancia futura.<\/p><p>Cookies relacionados com question\u00e1rios \u2013 periodicamente, podemos disponibilizar question\u00e1rios para entender a nossa base de utilizadores com mais precis\u00e3o. Alguns cookies podem ser usados para perceber quem j\u00e1 participou.<\/p><h3>Cookies de terceiros<\/h3><p>Em alguns casos, utilizamos tamb\u00e9m cookies fornecidos por terceiros de confian\u00e7a.<\/p><p>Este site utiliza o Google Analytics que \u00e9 uma das solu\u00e7\u00f5es anal\u00edticas mais difundidas e de maior confian\u00e7a na web para nos ajudar a compreender como utiliza o site e de que forma podemos melhorar a sua experi\u00eancia. Estes cookies podem registar coisas como o tempo que passa no website e as p\u00e1ginas que visita para que possamos continuar a produzir conte\u00fados envolventes.<\/p><p>Tamb\u00e9m podemos usar outras funcionalidades de certas redes sociais. Para que estas funcionem, essas plataformas ir\u00e3o colocar cookies no nosso site, que poder\u00e3o ser utilizados para melhorar o seu perfil nesses sites, de acordo com as respectivas pol\u00edticas de privacidade.<\/p><h2>Mais informa\u00e7\u00e3o<\/h2><p>Esperamos que estas pol\u00edticas tenham sido esclarecedoras. No entanto, se precisar de mais informa\u00e7\u00f5es, pode contactar-nos atrav\u00e9s do email: info@thesurfacademy.pt<\/p><p>Esta pol\u00edtica \u00e9 v\u00e1lida a partir de Maio\/2023.<\/p>\t\t\t\t\t\t\t\t<\/div>\n\t\t\t\t<\/div>\n\t\t\t\t\t<\/div>\n\t\t<\/div>\n\t\t\t\t\t<\/div>\n\t\t<\/section>\n\t\t\t\t<\/div>","protected":false},"excerpt":{"rendered":"<p>Privacy Policy On this website, one of our top priorities is the privacy of our visitors. This Privacy Policy document contains the types of information that are collected and recorded on this website and how we use it. We request personal information only when we need it to provide a service to you and never share it publicly or with third parties except as required by law or authorised by you. This policy applies only to our online activities and applies to visitors to our website with respect to information they have shared and\/or collected. This policy does not apply to any information collected offline or through channels other than this website. If you have additional questions or need more information about our Privacy Policy, please feel free to contact us by email: info@thesurfacademy.pt Consent By using our website, you consent to our Privacy Policy and agree to its terms. Information we collect Contact forms: If you contact us directly, we receive information such as your name, e-mail address, phone number, the content of the message and\/or attachments you may send us, and any other information you choose to provide. How we use your information To operate, and maintain our website To improve, customise and expand our website Understand and analyse how you use our website To develop new products, services, features and functionality Communicate with you, directly or through one of our partners, including for customer service, to provide you with updates and other website-related information, and for marketing purposes Send you emails Finding and preventing fraud Log files This site follows a standard procedure of using log files. These files record visitors when they visit websites. Information collected by the log files includes Internet protocol (IP) addresses, browser type, Internet service provider (ISP), date and time stamp, referring\/exit pages, and possibly the number of clicks. These are not linked to any information that is personally identifiable. The purpose of the information is to analyse trends, administer the site, track users&#8217; movement around the site, and gather demographic information. Cookies and Web Beacons Like any other website, we use &#8216;cookies&#8217;. These cookies are used to store various types of information, including visitors&#8217; preferences and the pages of the website they have accessed. The information is used to optimise the user experience by customising the content of our web page based on the visitor&#8217;s browser type and\/or other information. Third-Party Privacy Policies The Privacy Policy of this site does not apply to other advertisers or websites. Accordingly, we advise you to consult their respective privacy policies. Third party ad servers or ad networks use technologies such as cookies, JavaScript, or Web Beacons that are used in their respective advertisements and links that may appear on this website, which are sent directly to the users&#8217; browser. They automatically receive your IP address when this occurs. These technologies are used to measure the effectiveness of your advertising campaigns and\/or to customise the advertising content you see on the websites you visit. Please note that we have no access to or control over these cookies that are used by third parties. CCPA Privacy Rights Under the CCPA, among other rights, California consumers have the right to: Request that a company collecting a consumer&#8217;s personal data disclose the specific categories and items of that personal data. Request that a company delete any personal data about the consumer that a company has collected. To request that a company stop selling your personal data. \u00a0 If you make a request, we have one month to respond to you. If you wish to exercise any of these rights, please contact us. GDPR Data Protection Rights We would like to make sure that you are fully aware of all your data protection rights. All users are entitled to the following: The right of access &#8211; You have the right to request copies of your personal data. We may charge you a small fee for this service. The right to rectification &#8211; You have the right to request that we rectify any information that you believe is inaccurate. You also have the right to request that we complete information that you believe is incomplete. The right to erasure &#8211; You have the right to request that we erase your personal data, under certain conditions. The right to restrict processing &#8211; You have the right to request that the processing of your personal data be restricted, under certain conditions. The right to object to processing &#8211; You have the right to object to our processing of your personal data, under certain conditions. The right to data portability &#8211; You have the right to request that the data we collect from you be transferred to another organisation, or directly to you, under certain conditions. If you make a request, we have one month to respond to you. If you wish to exercise any of these rights, please contact us. Children&#8217;s Information This website does not knowingly collect any personally identifiable information from children under the age of 13. If you suspect that your child has provided any information on our website, please contact us immediately and we will use our best efforts to promptly remove such information from our records. Disclosure of your data for legal purposes At times it may become necessary for lawful purposes to disclose your information in response to a request from a government agency or private entity. Accordingly, users of our website agree that we may disclose your information to third parties when we believe in good faith that it is desirable to do so for the purposes of a civil action, criminal investigation, or other legal matter. We may also proactively report you, and disclose your information to third parties where we believe it prudent to do so for legal reasons, such as our belief that you have engaged in fraudulent activity. Any transmission of personal data for lawful purposes will only be done in accordance with the laws of the country in which<\/p>","protected":false},"author":2,"featured_media":0,"parent":0,"menu_order":0,"comment_status":"closed","ping_status":"closed","template":"","meta":{"footnotes":""},"class_list":["post-607","page","type-page","status-publish","hentry"],"aioseo_notices":[],"_links":{"self":[{"href":"https:\/\/thesurfacademy.pt\/pt\/wp-json\/wp\/v2\/pages\/607","targetHints":{"allow":["GET"]}}],"collection":[{"href":"https:\/\/thesurfacademy.pt\/pt\/wp-json\/wp\/v2\/pages"}],"about":[{"href":"https:\/\/thesurfacademy.pt\/pt\/wp-json\/wp\/v2\/types\/page"}],"author":[{"embeddable":true,"href":"https:\/\/thesurfacademy.pt\/pt\/wp-json\/wp\/v2\/users\/2"}],"replies":[{"embeddable":true,"href":"https:\/\/thesurfacademy.pt\/pt\/wp-json\/wp\/v2\/comments?post=607"}],"version-history":[{"count":30,"href":"https:\/\/thesurfacademy.pt\/pt\/wp-json\/wp\/v2\/pages\/607\/revisions"}],"predecessor-version":[{"id":646,"href":"https:\/\/thesurfacademy.pt\/pt\/wp-json\/wp\/v2\/pages\/607\/revisions\/646"}],"wp:attachment":[{"href":"https:\/\/thesurfacademy.pt\/pt\/wp-json\/wp\/v2\/media?parent=607"}],"curies":[{"name":"wp","href":"https:\/\/api.w.org\/{rel}","templated":true}]}}